{"id":431,"date":"2022-02-02T20:44:39","date_gmt":"2022-02-02T20:44:39","guid":{"rendered":"https:\/\/saanen.com.br\/?page_id=431"},"modified":"2022-02-02T21:49:11","modified_gmt":"2022-02-02T21:49:11","slug":"contato","status":"publish","type":"page","link":"https:\/\/saanen.com.br\/nl\/contato\/","title":{"rendered":"Contact"},"content":{"rendered":"<div class=\"fusion-fullwidth fullwidth-box fusion-builder-row-1 nonhundred-percent-fullwidth non-hundred-percent-height-scrolling\" style=\"--awb-border-radius-top-left:0px;--awb-border-radius-top-right:0px;--awb-border-radius-bottom-right:0px;--awb-border-radius-bottom-left:0px;--awb-flex-wrap:wrap;\" ><div class=\"fusion-builder-row fusion-row\"><div class=\"fusion-layout-column fusion_builder_column fusion-builder-column-0 fusion_builder_column_1_4 1_4 fusion-one-fourth fusion-column-first\" style=\"--awb-padding-top:10%;--awb-bg-size:cover;width:25%;width:calc(25% - ( ( 4% ) * 0.25 ) );margin-right: 4%;\"><div class=\"fusion-column-wrapper fusion-column-has-shadow fusion-flex-column-wrapper-legacy\"><div class=\"fusion-title title fusion-title-1 fusion-sep-none fusion-title-text fusion-title-size-one\"><h1 class=\"fusion-title-heading title-heading-left\" style=\"margin:0;\">Wij zijn beschikbaar om u te helpen<\/h1><\/div><div class=\"fusion-text fusion-text-1\"><p><b>Telefonisch contact in het Nederlands of Engels<\/b><\/p>\n<p>+31648146136<\/p>\n<p><b>Telefonisch contact in het Portugees<\/b><\/p>\n<p>+55(34)3232-4444<\/p>\n<p><b>Algemeen e-mailadres<\/b><\/p>\n<p>info@saanen.com.br<\/p>\n<\/div><div class=\"fusion-clearfix\"><\/div><\/div><\/div><div class=\"fusion-layout-column fusion_builder_column fusion-builder-column-1 fusion_builder_column_3_4 3_4 fusion-three-fourth fusion-column-last\" style=\"--awb-padding-top:0px;--awb-padding-right:0px;--awb-padding-bottom:0px;--awb-padding-left:0px;--awb-bg-blend:overlay;--awb-bg-size:cover;--awb-margin-bottom:0px;width:75%;width:calc(75% - ( ( 4% ) * 0.75 ) );\"><div class=\"fusion-column-wrapper fusion-flex-column-wrapper-legacy\"><div class=\"shortcode-map fusion-google-map fusion-maps-embed-type\"><iframe width=\"100%\" height=\"640px\" frameborder=\"0\" style=\"border:0\" src=\"https:\/\/www.google.com\/maps\/embed\/v1\/place?key=AIzaSyBFYv0NRUFkOJLrqrbz84tVgyUWuh8ID_U&language=nl&q=Saanen+Representa\u00e7\u00f5es+R.+Dr.+Lacerda,+359+-+Bairro+L\u00eddice+Uberl\u00e2ndia+-+MG,+38400-088&maptype=roadmap&zoom=14\" allowfullscreen><\/iframe><\/div><div class=\"fusion-clearfix\"><\/div><\/div><\/div><\/div><\/div>\n","protected":false},"excerpt":{"rendered":"","protected":false},"author":1,"featured_media":0,"parent":0,"menu_order":0,"comment_status":"closed","ping_status":"closed","template":"100-width.php","meta":{"footnotes":""},"class_list":["post-431","page","type-page","status-publish","hentry"],"yoast_head":"<!-- This site is optimized with the Yoast SEO plugin v23.4 - https:\/\/yoast.com\/wordpress\/plugins\/seo\/ -->\n<title>Contact - Saanen Representa\u00e7\u00f5es<\/title>\n<meta name=\"robots\" content=\"index, follow, max-snippet:-1, max-image-preview:large, max-video-preview:-1\" \/>\n<link rel=\"canonical\" href=\"https:\/\/34.193.130.117\/nl\/contato\/\" \/>\n<meta property=\"og:locale\" content=\"nl_NL\" \/>\n<meta property=\"og:type\" content=\"article\" \/>\n<meta property=\"og:title\" content=\"Contact - Saanen Representa\u00e7\u00f5es\" \/>\n<meta property=\"og:url\" content=\"https:\/\/34.193.130.117\/nl\/contato\/\" \/>\n<meta property=\"og:site_name\" content=\"Saanen Representa\u00e7\u00f5es\" \/>\n<meta property=\"article:modified_time\" content=\"2022-02-02T21:49:11+00:00\" \/>\n<meta name=\"twitter:card\" content=\"summary_large_image\" \/>\n<meta name=\"twitter:label1\" content=\"Geschatte leestijd\" \/>\n\t<meta name=\"twitter:data1\" content=\"2 minuten\" \/>\n<script type=\"application\/ld+json\" class=\"yoast-schema-graph\">{\"@context\":\"https:\/\/schema.org\",\"@graph\":[{\"@type\":\"WebPage\",\"@id\":\"https:\/\/34.193.130.117\/nl\/contato\/\",\"url\":\"https:\/\/34.193.130.117\/nl\/contato\/\",\"name\":\"Contact - Saanen Representa\u00e7\u00f5es\",\"isPartOf\":{\"@id\":\"https:\/\/34.193.130.117\/#website\"},\"datePublished\":\"2022-02-02T20:44:39+00:00\",\"dateModified\":\"2022-02-02T21:49:11+00:00\",\"breadcrumb\":{\"@id\":\"https:\/\/34.193.130.117\/nl\/contato\/#breadcrumb\"},\"inLanguage\":\"nl-NL\",\"potentialAction\":[{\"@type\":\"ReadAction\",\"target\":[\"https:\/\/34.193.130.117\/nl\/contato\/\"]}]},{\"@type\":\"BreadcrumbList\",\"@id\":\"https:\/\/34.193.130.117\/nl\/contato\/#breadcrumb\",\"itemListElement\":[{\"@type\":\"ListItem\",\"position\":1,\"name\":\"Home\",\"item\":\"https:\/\/saanen.com.br\/nl\/\"},{\"@type\":\"ListItem\",\"position\":2,\"name\":\"Contact\"}]},{\"@type\":\"WebSite\",\"@id\":\"https:\/\/34.193.130.117\/#website\",\"url\":\"https:\/\/34.193.130.117\/\",\"name\":\"Saanen Representa\u00e7\u00f5es\",\"description\":\"\",\"potentialAction\":[{\"@type\":\"SearchAction\",\"target\":{\"@type\":\"EntryPoint\",\"urlTemplate\":\"https:\/\/34.193.130.117\/?s={search_term_string}\"},\"query-input\":{\"@type\":\"PropertyValueSpecification\",\"valueRequired\":true,\"valueName\":\"search_term_string\"}}],\"inLanguage\":\"nl-NL\"}]}<\/script>\n<!-- \/ Yoast SEO plugin. -->","yoast_head_json":{"title":"Contact - Saanen Representa\u00e7\u00f5es","robots":{"index":"index","follow":"follow","max-snippet":"max-snippet:-1","max-image-preview":"max-image-preview:large","max-video-preview":"max-video-preview:-1"},"canonical":"https:\/\/34.193.130.117\/nl\/contato\/","og_locale":"nl_NL","og_type":"article","og_title":"Contact - Saanen Representa\u00e7\u00f5es","og_url":"https:\/\/34.193.130.117\/nl\/contato\/","og_site_name":"Saanen Representa\u00e7\u00f5es","article_modified_time":"2022-02-02T21:49:11+00:00","twitter_card":"summary_large_image","twitter_misc":{"Geschatte leestijd":"2 minuten"},"schema":{"@context":"https:\/\/schema.org","@graph":[{"@type":"WebPage","@id":"https:\/\/34.193.130.117\/nl\/contato\/","url":"https:\/\/34.193.130.117\/nl\/contato\/","name":"Contact - Saanen Representa\u00e7\u00f5es","isPartOf":{"@id":"https:\/\/34.193.130.117\/#website"},"datePublished":"2022-02-02T20:44:39+00:00","dateModified":"2022-02-02T21:49:11+00:00","breadcrumb":{"@id":"https:\/\/34.193.130.117\/nl\/contato\/#breadcrumb"},"inLanguage":"nl-NL","potentialAction":[{"@type":"ReadAction","target":["https:\/\/34.193.130.117\/nl\/contato\/"]}]},{"@type":"BreadcrumbList","@id":"https:\/\/34.193.130.117\/nl\/contato\/#breadcrumb","itemListElement":[{"@type":"ListItem","position":1,"name":"Home","item":"https:\/\/saanen.com.br\/nl\/"},{"@type":"ListItem","position":2,"name":"Contact"}]},{"@type":"WebSite","@id":"https:\/\/34.193.130.117\/#website","url":"https:\/\/34.193.130.117\/","name":"Saanen Representa\u00e7\u00f5es","description":"","potentialAction":[{"@type":"SearchAction","target":{"@type":"EntryPoint","urlTemplate":"https:\/\/34.193.130.117\/?s={search_term_string}"},"query-input":{"@type":"PropertyValueSpecification","valueRequired":true,"valueName":"search_term_string"}}],"inLanguage":"nl-NL"}]}},"_links":{"self":[{"href":"https:\/\/saanen.com.br\/nl\/wp-json\/wp\/v2\/pages\/431"}],"collection":[{"href":"https:\/\/saanen.com.br\/nl\/wp-json\/wp\/v2\/pages"}],"about":[{"href":"https:\/\/saanen.com.br\/nl\/wp-json\/wp\/v2\/types\/page"}],"author":[{"embeddable":true,"href":"https:\/\/saanen.com.br\/nl\/wp-json\/wp\/v2\/users\/1"}],"replies":[{"embeddable":true,"href":"https:\/\/saanen.com.br\/nl\/wp-json\/wp\/v2\/comments?post=431"}],"version-history":[{"count":10,"href":"https:\/\/saanen.com.br\/nl\/wp-json\/wp\/v2\/pages\/431\/revisions"}],"predecessor-version":[{"id":480,"href":"https:\/\/saanen.com.br\/nl\/wp-json\/wp\/v2\/pages\/431\/revisions\/480"}],"wp:attachment":[{"href":"https:\/\/saanen.com.br\/nl\/wp-json\/wp\/v2\/media?parent=431"}],"curies":[{"name":"wp","href":"https:\/\/api.w.org\/{rel}","templated":true}]}}